{"id":105,"date":"2021-05-07T16:15:15","date_gmt":"2021-05-07T16:15:15","guid":{"rendered":"https:\/\/am-wind.dev.taliox.net\/?page_id=105"},"modified":"2022-03-02T17:56:28","modified_gmt":"2022-03-02T17:56:28","slug":"about","status":"publish","type":"page","link":"https:\/\/am-wind.dev.taliox.net\/?page_id=105","title":{"rendered":"\u00dcber Uns"},"content":{"rendered":"\t\t<div data-elementor-type=\"wp-page\" data-elementor-id=\"105\" class=\"elementor elementor-105\" data-elementor-settings=\"[]\">\n\t\t\t\t\t\t\t<div class=\"elementor-section-wrap\">\n\t\t\t\t\t\t\t<section class=\"elementor-section elementor-top-section elementor-element elementor-element-954acb8 elementor-section-boxed elementor-section-height-default elementor-section-height-default\" data-id=\"954acb8\" data-element_type=\"section\" data-settings=\"{&quot;background_background&quot;:&quot;classic&quot;}\">\n\t\t\t\t\t\t\t<div class=\"elementor-background-overlay\"><\/div>\n\t\t\t\t\t\t\t<div class=\"elementor-container elementor-column-gap-no\">\n\t\t\t\t\t<div class=\"elementor-column elementor-col-100 elementor-top-column elementor-element elementor-element-77d49fb\" data-id=\"77d49fb\" data-element_type=\"column\">\n\t\t\t<div class=\"elementor-widget-wrap elementor-element-populated\">\n\t\t\t\t\t\t\t\t<div class=\"elementor-element elementor-element-4164874 elementor-widget elementor-widget-heading\" data-id=\"4164874\" data-element_type=\"widget\" data-widget_type=\"heading.default\">\n\t\t\t\t<div class=\"elementor-widget-container\">\n\t\t\t<h1 class=\"elementor-heading-title elementor-size-default\">\u00dcber Uns<\/h1>\t\t<\/div>\n\t\t\t\t<\/div>\n\t\t\t\t\t<\/div>\n\t\t<\/div>\n\t\t\t\t\t\t\t<\/div>\n\t\t<\/section>\n\t\t\t\t<section class=\"elementor-section elementor-top-section elementor-element elementor-element-f746db5 elementor-section-boxed elementor-section-height-default elementor-section-height-default\" data-id=\"f746db5\" data-element_type=\"section\">\n\t\t\t\t\t\t<div class=\"elementor-container elementor-column-gap-default\">\n\t\t\t\t\t<div class=\"elementor-column elementor-col-100 elementor-top-column elementor-element elementor-element-bfaa701\" data-id=\"bfaa701\" data-element_type=\"column\">\n\t\t\t<div class=\"elementor-widget-wrap elementor-element-populated\">\n\t\t\t\t\t\t\t\t\t<\/div>\n\t\t<\/div>\n\t\t\t\t\t\t\t<\/div>\n\t\t<\/section>\n\t\t\t\t<section class=\"elementor-section elementor-top-section elementor-element elementor-element-23dc75b elementor-section-boxed elementor-section-height-default elementor-section-height-default\" data-id=\"23dc75b\" data-element_type=\"section\">\n\t\t\t\t\t\t<div class=\"elementor-container elementor-column-gap-no\">\n\t\t\t\t\t<div class=\"elementor-column elementor-col-100 elementor-top-column elementor-element elementor-element-abe5108\" data-id=\"abe5108\" data-element_type=\"column\">\n\t\t\t<div class=\"elementor-widget-wrap elementor-element-populated\">\n\t\t\t\t\t\t\t\t<div class=\"elementor-element elementor-element-6a4afa1 elementor-widget__width-auto elementor-widget-mobile__width-inherit elementor-widget elementor-widget-heading\" data-id=\"6a4afa1\" data-element_type=\"widget\" data-widget_type=\"heading.default\">\n\t\t\t\t<div class=\"elementor-widget-container\">\n\t\t\t<h2 class=\"elementor-heading-title elementor-size-default\">Hart Am Wind\n<\/h2>\t\t<\/div>\n\t\t\t\t<\/div>\n\t\t\t\t<div class=\"elementor-element elementor-element-a72b8b2 elementor-position-left elementor-vertical-align-top elementor-widget elementor-widget-image-box\" data-id=\"a72b8b2\" data-element_type=\"widget\" data-widget_type=\"image-box.default\">\n\t\t\t\t<div class=\"elementor-widget-container\">\n\t\t\t<div class=\"elementor-image-box-wrapper\"><div class=\"elementor-image-box-content\"><h4 class=\"elementor-image-box-title\">Das bedeutet f\u00fcr uns:<br>Kreativit\u00e4t, innovatives Denken, neue Wege gehen, vorausschauendes Handeln und Zielstrebigkeit.<\/h4><p class=\"elementor-image-box-description\">Seit \u00fcber 30 Jahren organisieren wir viele unterschiedliche Arten von Events. Als ein junges und dynamisches Team arbeiten wir modern, effektiv und bieten auf unseren Events den Kunden immer wieder Au\u00dfergew\u00f6hnliches und Unterhaltsames.\n<br> <br>\nWir verwandeln Orte und Pl\u00e4tze zu erlebnisreichen Veranstaltungen - ob Weihnachtsm\u00e4rkte, Weinfeste, Landm\u00e4rkte, historische M\u00e4rkte oder etwas v\u00f6llig Anderes. Hierbei ist es unser Ziel unseren G\u00e4sten Kultur und Spa\u00df gleicherma\u00dfen und auf h\u00f6chstem Niveau zu vermitteln.\n<br><br>\nDurch unser langj\u00e4hriges Bestehen verf\u00fcgen wir \u00fcber einen weit gef\u00e4cherten Datenbestand. Zus\u00e4tzlich besitzen wir einen eigenen Kulissen- und St\u00e4ndebau, wodurch diese immer individuell und einzigartig gestaltet werden. Durch unsere hauseigene Logistik erreichen wir ein H\u00f6chstma\u00df an Flexibilit\u00e4t und Zuverl\u00e4ssigkeit.\n<br><br>\nDa nur eine gut durchdachte und zielorientierte Werbung den Erfolg einer Veranstaltung sicherstellt, legen wir gro\u00dfen Wert auf eine effektive \u00d6ffentlichkeitsarbeit.\n<br><br>\nOriginalit\u00e4t ist unsere St\u00e4rke, denn Erfolg ben\u00f6tigt Au\u00dfergew\u00f6hnliches!<\/p><\/div><\/div>\t\t<\/div>\n\t\t\t\t<\/div>\n\t\t\t\t\t<\/div>\n\t\t<\/div>\n\t\t\t\t\t\t\t<\/div>\n\t\t<\/section>\n\t\t\t\t<section class=\"elementor-section elementor-top-section elementor-element elementor-element-907abb9 elementor-section-boxed elementor-section-height-default elementor-section-height-default\" data-id=\"907abb9\" data-element_type=\"section\" data-settings=\"{&quot;background_background&quot;:&quot;classic&quot;}\">\n\t\t\t\t\t\t\t<div class=\"elementor-background-overlay\"><\/div>\n\t\t\t\t\t\t\t<div class=\"elementor-container elementor-column-gap-default\">\n\t\t\t\t\t<div class=\"elementor-column elementor-col-100 elementor-top-column elementor-element elementor-element-898eeff\" data-id=\"898eeff\" data-element_type=\"column\">\n\t\t\t<div class=\"elementor-widget-wrap elementor-element-populated\">\n\t\t\t\t\t\t\t\t<div class=\"elementor-element elementor-element-2410bc2 elementor-widget elementor-widget-heading\" data-id=\"2410bc2\" data-element_type=\"widget\" data-widget_type=\"heading.default\">\n\t\t\t\t<div class=\"elementor-widget-container\">\n\t\t\t<h2 class=\"elementor-heading-title elementor-size-xl\">Langj\u00e4hrige Erfahrung mit unterschiedlichen Events<\/h2>\t\t<\/div>\n\t\t\t\t<\/div>\n\t\t\t\t<div class=\"elementor-element elementor-element-70f82d7 elementor-align-center elementor-widget elementor-widget-button\" data-id=\"70f82d7\" data-element_type=\"widget\" data-widget_type=\"button.default\">\n\t\t\t\t<div class=\"elementor-widget-container\">\n\t\t\t\t\t<div class=\"elementor-button-wrapper\">\n\t\t\t<a href=\"#\" class=\"elementor-button-link elementor-button elementor-size-sm\" role=\"button\">\n\t\t\t\t\t\t<span class=\"elementor-button-content-wrapper\">\n\t\t\t\t\t\t<span class=\"elementor-button-text\">Vergangene Events Zeigen<\/span>\n\t\t<\/span>\n\t\t\t\t\t<\/a>\n\t\t<\/div>\n\t\t\t\t<\/div>\n\t\t\t\t<\/div>\n\t\t\t\t\t<\/div>\n\t\t<\/div>\n\t\t\t\t\t\t\t<\/div>\n\t\t<\/section>\n\t\t\t\t\t\t<\/div>\n\t\t\t\t\t<\/div>\n\t\t","protected":false},"excerpt":{"rendered":"<p>\u00dcber Uns Hart Am Wind Das bedeutet f\u00fcr uns:Kreativit\u00e4t, innovatives Denken, neue Wege gehen, vorausschauendes Handeln und Zielstrebigkeit. Seit \u00fcber 30 Jahren organisieren wir viele unterschiedliche Arten von Events. Als ein junges und dynamisches Team arbeiten wir modern, effektiv und bieten auf unseren Events den Kunden immer wieder Au\u00dfergew\u00f6hnliches und Unterhaltsames. Wir verwandeln Orte und &hellip;<\/p>\n<p class=\"read-more\"> <a class=\"\" href=\"https:\/\/am-wind.dev.taliox.net\/?page_id=105\"> <span class=\"screen-reader-text\">\u00dcber Uns<\/span> Weiterlesen &raquo;<\/a><\/p>\n","protected":false},"author":3,"featured_media":0,"parent":0,"menu_order":0,"comment_status":"closed","ping_status":"closed","template":"","meta":{"site-sidebar-layout":"no-sidebar","site-content-layout":"page-builder","ast-main-header-display":"","ast-hfb-above-header-display":"","ast-hfb-below-header-display":"","ast-hfb-mobile-header-display":"","site-post-title":"disabled","ast-breadcrumbs-content":"","ast-featured-img":"disabled","footer-sml-layout":"","theme-transparent-header-meta":"enabled","adv-header-id-meta":"","stick-header-meta":"","header-above-stick-meta":"","header-main-stick-meta":"","header-below-stick-meta":"","footnotes":""},"class_list":["post-105","page","type-page","status-publish","hentry"],"_links":{"self":[{"href":"https:\/\/am-wind.dev.taliox.net\/index.php?rest_route=\/wp\/v2\/pages\/105","targetHints":{"allow":["GET"]}}],"collection":[{"href":"https:\/\/am-wind.dev.taliox.net\/index.php?rest_route=\/wp\/v2\/pages"}],"about":[{"href":"https:\/\/am-wind.dev.taliox.net\/index.php?rest_route=\/wp\/v2\/types\/page"}],"author":[{"embeddable":true,"href":"https:\/\/am-wind.dev.taliox.net\/index.php?rest_route=\/wp\/v2\/users\/3"}],"replies":[{"embeddable":true,"href":"https:\/\/am-wind.dev.taliox.net\/index.php?rest_route=%2Fwp%2Fv2%2Fcomments&post=105"}],"version-history":[{"count":22,"href":"https:\/\/am-wind.dev.taliox.net\/index.php?rest_route=\/wp\/v2\/pages\/105\/revisions"}],"predecessor-version":[{"id":499,"href":"https:\/\/am-wind.dev.taliox.net\/index.php?rest_route=\/wp\/v2\/pages\/105\/revisions\/499"}],"wp:attachment":[{"href":"https:\/\/am-wind.dev.taliox.net\/index.php?rest_route=%2Fwp%2Fv2%2Fmedia&parent=105"}],"curies":[{"name":"wp","href":"https:\/\/api.w.org\/{rel}","templated":true}]}}